{"id":658,"date":"2020-03-25T13:11:42","date_gmt":"2020-03-25T13:11:42","guid":{"rendered":"http:\/\/dev.avis-tahiti.com\/?page_id=658"},"modified":"2023-01-03T10:30:33","modified_gmt":"2023-01-03T10:30:33","slug":"locations-page","status":"publish","type":"page","link":"https:\/\/www.avis-tahiti.com\/en\/locations-page\/","title":{"rendered":"Branches"},"content":{"rendered":"<p>[et_pb_section fb_built=&#8221;1&#8243; module_class=&#8221;map-section-wrapper&#8221; _builder_version=&#8221;4.4.1&#8243; collapsed=&#8221;off&#8221;][et_pb_row module_class=&#8221;map-info-row&#8221; _builder_version=&#8221;4.4.1&#8243; collapsed=&#8221;off&#8221;][et_pb_column type=&#8221;4_4&#8243; _builder_version=&#8221;4.4.1&#8243;][et_pb_post_title meta=&#8221;off&#8221; featured_image=&#8221;off&#8221; _builder_version=&#8221;4.4.1&#8243; title_font=&#8221;|700|||||||&#8221; title_text_align=&#8221;left&#8221; custom_margin=&#8221;|||30px|false|false&#8221;][\/et_pb_post_title][et_pb_tabs disabled_on=&#8221;on|on|on&#8221; module_class=&#8221;location-content-wrapper&#8221; _builder_version=&#8221;4.4.1&#8243; custom_margin=&#8221;40px||||false|false&#8221; border_width_all=&#8221;0px&#8221; disabled=&#8221;on&#8221;][et_pb_tab title=&#8221;Faa\u2019a Airport&#8221; _builder_version=&#8221;4.4.1&#8243;][\/et_pb_tab][et_pb_tab title=&#8221;Papeete(downtown)&#8221; _builder_version=&#8221;4.4.1&#8243;]<\/p>\n<div class=\"locations-tab-left\"><iframe style=\"border: 0;\" tabindex=\"0\" src=\"https:\/\/www.google.com\/maps\/embed?pb=!1m18!1m12!1m3!1d121738.55474968166!2d-149.74222301014396!3d-17.5394762098729!2m3!1f0!2f0!3f0!3m2!1i1024!2i768!4f13.1!3m3!1m2!1s0x769a307d9740ebfb%3A0xbcf6eaf5e6f8a24d!2sFaa'a%20Airport%20Avis!5e0!3m2!1sen!2sin!4v1585296841881!5m2!1sen!2sin\" width=\"638\" height=\"310\" frameborder=\"0\" allowfullscreen=\"allowfullscreen\" aria-hidden=\"false\"><\/iframe><\/div>\n<div class=\"locations-tab-right\">\n<div class=\"location-title\">Papeete Downtown &#8211; TAHITI<\/div>\n<div class=\"location-content\">Mobile : (+689) 89 24 46 00 &#8211; Office : (+689) 40 54 10 00<br \/>\nOpen from Monday to Friday : 7.30 am to 5pm<br \/>\nSaturday : 7.30 am -4pm<br \/>\nSunday &#038; Public holidays : From 08am to noon\n<\/div>\n<\/div>\n<p>[\/et_pb_tab][et_pb_tab title=&#8221;Vaiare Ferry Dock&#8221; _builder_version=&#8221;4.4.1&#8243;]<\/p>\n<div class=\"locations-tab-left\"><iframe style=\"border: 0;\" tabindex=\"0\" src=\"https:\/\/www.google.com\/maps\/embed?pb=!1m18!1m12!1m3!1d121738.55474968166!2d-149.74222301014396!3d-17.5394762098729!2m3!1f0!2f0!3f0!3m2!1i1024!2i768!4f13.1!3m3!1m2!1s0x769a307d9740ebfb%3A0xbcf6eaf5e6f8a24d!2sFaa'a%20Airport%20Avis!5e0!3m2!1sen!2sin!4v1585296841881!5m2!1sen!2sin\" width=\"638\" height=\"310\" frameborder=\"0\" allowfullscreen=\"allowfullscreen\" aria-hidden=\"false\"><\/iframe><\/div>\n<div class=\"locations-tab-right\">\n<div class=\"location-title\">Agence de VAIARE Moorea<\/div>\n<div class=\"location-content\">Mobile : (+689) 89 401 075<br \/>Office (+689) 40 56 32 68<br \/>Office (+689) 40 56 35 18<br \/>Monday to Friday : 06.30 am to 5:00 PM<br \/>Saturday , Sunday : 7.30 am &#8211; 4 PM<\/div>\n<\/div>\n<p>[\/et_pb_tab][\/et_pb_tabs][et_pb_tabs module_class=&#8221;location-content-wrapper&#8221; _builder_version=&#8221;4.4.1&#8243; tab_font=&#8221;|700|||||||&#8221; custom_margin=&#8221;||||false|false&#8221; border_width_all=&#8221;0px&#8221; border_color_bottom=&#8221;#e02b20&#8243;][et_pb_tab title=&#8221;Faa\u2019a Airport&#8221; _builder_version=&#8221;4.4.1&#8243; body_font=&#8221;|700|||||||&#8221; body_text_color=&#8221;#e0e0e0&#8243; body_font_size=&#8221;13px&#8221; body_line_height=&#8221;2em&#8221;]<\/p>\n<div class=\"locations-tab-left\"><iframe data-src=\"https:\/\/www.google.com\/maps\/embed?pb=!1m18!1m12!1m3!1d3803.9018413777453!2d-149.61257608568636!3d-17.559859473519836!2m3!1f0!2f0!3f0!3m2!1i1024!2i768!4f13.1!3m3!1m2!1s0x769a3a7f64d8b43b%3A0x6d3e50f28f97a940!2sFa&#39;a&#39;%C4%81%20International%20Airport!5e0!3m2!1sen!2sin!4v1624275447519!5m2!1sen!2sin\" width=\"600\" height=\"450\" style=\"border:0;\" allowfullscreen=\"\" src=\"data:image\/svg+xml;base64,PHN2ZyB3aWR0aD0iMSIgaGVpZ2h0PSIxIiB4bWxucz0iaHR0cDovL3d3dy53My5vcmcvMjAwMC9zdmciPjwvc3ZnPg==\" class=\"lazyload\" data-load-mode=\"1\"><\/iframe><\/div>\n<div class=\"locations-tab-right\">\n<div class=\"location-title\"><strong>Faaa International Airport &#8211; TAHITI<\/strong><\/div>\n<div class=\"location-content\">Mobile : (+689) 89 30 82 50 &#8211; Office : (+689) 40 85 02 84<br \/> Open Everyday: 05am to 10pm<br \/> Open for all arrival and departure flights except AIR NEW ZEALAND flights<\/div>\n<\/div>\n<p>[\/et_pb_tab][et_pb_tab title=&#8221;Papeete(downtown)&#8221; _builder_version=&#8221;4.4.1&#8243; body_font=&#8221;|700|||||||&#8221; body_text_color=&#8221;#e0e0e0&#8243; body_font_size=&#8221;13px&#8221; body_line_height=&#8221;2em&#8221;]<\/p>\n<div class=\"locations-tab-left\"><iframe data-src=\"https:\/\/www.google.com\/maps\/embed?pb=!1m18!1m12!1m3!1d60863.34356141831!2d-149.59042077907785!3d-17.557139922025197!2m3!1f0!2f0!3f0!3m2!1i1024!2i768!4f13.1!3m3!1m2!1s0x769a3a1c874f6695%3A0x62d6db532881362b!2sPape&#39;ete%2098714%2C%20French%20Polynesia!5e0!3m2!1sen!2sin!4v1622465650597!5m2!1sen!2sin\" width=\"600\" height=\"450\" style=\"border:0;\" allowfullscreen=\"\" src=\"data:image\/svg+xml;base64,PHN2ZyB3aWR0aD0iMSIgaGVpZ2h0PSIxIiB4bWxucz0iaHR0cDovL3d3dy53My5vcmcvMjAwMC9zdmciPjwvc3ZnPg==\" class=\"lazyload\" data-load-mode=\"1\"><\/iframe><\/div>\n<div class=\"locations-tab-right\">\n<div class=\"location-title\">Papeete Downtown &#8211; TAHITI<\/div>\n<div class=\"location-content\">Mobile : (+689) 89 24 46 00 &#8211; Office : (+689) 40 54 10 00<br \/>\nOpen from Monday to Friday : 7.30 am to 5pm<br \/>\nSaturday : 7.30 am -4pm<br \/>\nSunday &#038; Public holidays : From 08am to noon\n<\/div>\n<\/div>\n<p>[\/et_pb_tab][et_pb_tab title=&#8221;Vaiare Ferry Dock&#8221; _builder_version=&#8221;4.4.1&#8243; body_font=&#8221;|700|||||||&#8221; body_text_color=&#8221;#e0e0e0&#8243; body_font_size=&#8221;13px&#8221; body_line_height=&#8221;2em&#8221;]<\/p>\n<div class=\"locations-tab-left\"><iframe data-src=\"https:\/\/www.google.com\/maps\/embed?pb=!1m14!1m8!1m3!1d15218.966085156433!2d-149.77975!3d-17.519848!3m2!1i1024!2i768!4f13.1!3m3!1m2!1s0x0%3A0x9eaeb073c0ff4be7!2sMoorea!5e0!3m2!1sen!2sin!4v1621417716414!5m2!1sen!2sin\" width=\"638\" height=\"310\" style=\"border: 0;\" allowfullscreen=\"\" src=\"data:image\/svg+xml;base64,PHN2ZyB3aWR0aD0iMSIgaGVpZ2h0PSIxIiB4bWxucz0iaHR0cDovL3d3dy53My5vcmcvMjAwMC9zdmciPjwvc3ZnPg==\" class=\"lazyload\" data-load-mode=\"1\"><\/iframe><\/div>\n<div class=\"locations-tab-right\">\n<div class=\"location-title\">Vaiare Ferry Dock<\/div>\n<div class=\"location-content\">Mobile : (+689) 89 401 075<br \/>Office (+689) 40 56 32 68<br \/>Office (+689) 40 56 35 18<br \/>Monday to Friday : 06.30 am to 5:00 PM<br \/>Saturday , Sunday : 7.30 am &#8211; 4 PM<\/div>\n<\/div>\n<p>[\/et_pb_tab][\/et_pb_tabs][\/et_pb_column][\/et_pb_row][et_pb_row column_structure=&#8221;1_5,1_5,1_5,1_5,1_5&#8243; admin_label=&#8221;Row&#8221; module_class=&#8221;instagram-gallery-row&#8221; _builder_version=&#8221;4.4.1&#8243; background_color=&#8221;#fafafa&#8221; custom_padding=&#8221;50px||50px||false|false&#8221; collapsed=&#8221;off&#8221;][et_pb_column type=&#8221;1_5&#8243; _builder_version=&#8221;4.4.1&#8243;][et_pb_image src=&#8221;https:\/\/www.avis-tahiti.com\/wp-content\/uploads\/2020\/03\/dsc-8315-selected.png&#8221; _builder_version=&#8221;4.4.1&#8243;][\/et_pb_image][\/et_pb_column][et_pb_column type=&#8221;1_5&#8243; _builder_version=&#8221;4.4.1&#8243;][et_pb_image src=&#8221;https:\/\/www.avis-tahiti.com\/wp-content\/uploads\/2020\/03\/dsc-8319-selected.png&#8221; _builder_version=&#8221;4.4.1&#8243;][\/et_pb_image][\/et_pb_column][et_pb_column type=&#8221;1_5&#8243; _builder_version=&#8221;4.4.1&#8243;][et_pb_image src=&#8221;https:\/\/www.avis-tahiti.com\/wp-content\/uploads\/2020\/03\/dsc-8348-selected.png&#8221; _builder_version=&#8221;4.4.1&#8243;][\/et_pb_image][\/et_pb_column][et_pb_column type=&#8221;1_5&#8243; _builder_version=&#8221;4.4.1&#8243;][et_pb_image src=&#8221;https:\/\/www.avis-tahiti.com\/wp-content\/uploads\/2020\/03\/dsc-8407-selected-1.png&#8221; _builder_version=&#8221;4.4.1&#8243;][\/et_pb_image][\/et_pb_column][et_pb_column type=&#8221;1_5&#8243; _builder_version=&#8221;4.4.1&#8243;][et_pb_image src=&#8221;https:\/\/www.avis-tahiti.com\/wp-content\/uploads\/2020\/03\/dsc-8407-selected-2.png&#8221; _builder_version=&#8221;4.4.1&#8243;][\/et_pb_image][\/et_pb_column][\/et_pb_row][\/et_pb_section][et_pb_section fb_built=&#8221;1&#8243; module_class=&#8221;contact-section-wrapper&#8221; _builder_version=&#8221;4.4.1&#8243; collapsed=&#8221;off&#8221;][et_pb_row _builder_version=&#8221;4.4.1&#8243; width=&#8221;90%&#8221; collapsed=&#8221;off&#8221;][et_pb_column type=&#8221;4_4&#8243; _builder_version=&#8221;4.4.1&#8243;][et_pb_contact_form captcha=&#8221;off&#8221; email=&#8221;reservations@avispacificar.pf&#8221; title=&#8221;Contact Us&#8221; custom_message=&#8221;Nouvelle demande de contact depuis le site Avis Tahiti||et_pb_line_break_holder||||et_pb_line_break_holder||Nom : %%Name%% ||et_pb_line_break_holder||E-mail: %%email%%||et_pb_line_break_holder||Num\u00e9ro de t\u00e9l\u00e9phone : %%Your_Phone%%||et_pb_line_break_holder||Message : %%Message%%&#8221; submit_button_text=&#8221;Send&#8221; _builder_version=&#8221;4.4.1&#8243; form_field_text_color=&#8221;#000000&#8243; title_font=&#8221;|800|||||||&#8221; title_font_size=&#8221;23px&#8221; form_field_font=&#8221;|600|||||||&#8221; form_field_font_size=&#8221;13px&#8221; custom_button=&#8221;on&#8221; button_text_size=&#8221;12px&#8221; button_text_color=&#8221;#ffffff&#8221; button_bg_color=&#8221;#d4022a&#8221; button_border_color=&#8221;#d4022a&#8221; button_border_radius=&#8221;4px&#8221; button_custom_padding=&#8221;10px|40px|10px|40px|false|false&#8221; box_shadow_style_button=&#8221;preset2&#8243; box_shadow_horizontal_button=&#8221;0px&#8221; box_shadow_blur_button=&#8221;5px&#8221; box_shadow_spread_button=&#8221;-21px&#8221;][et_pb_contact_field field_id=&#8221;Name&#8221; field_title=&#8221;Name&#8221; _builder_version=&#8221;4.4.1&#8243; button_text_size__hover_enabled=&#8221;off&#8221; button_one_text_size__hover_enabled=&#8221;off&#8221; button_two_text_size__hover_enabled=&#8221;off&#8221; button_text_color__hover_enabled=&#8221;off&#8221; button_one_text_color__hover_enabled=&#8221;off&#8221; button_two_text_color__hover_enabled=&#8221;off&#8221; button_border_width__hover_enabled=&#8221;off&#8221; button_one_border_width__hover_enabled=&#8221;off&#8221; button_two_border_width__hover_enabled=&#8221;off&#8221; button_border_color__hover_enabled=&#8221;off&#8221; button_one_border_color__hover_enabled=&#8221;off&#8221; button_two_border_color__hover_enabled=&#8221;off&#8221; button_border_radius__hover_enabled=&#8221;off&#8221; button_one_border_radius__hover_enabled=&#8221;off&#8221; button_two_border_radius__hover_enabled=&#8221;off&#8221; button_letter_spacing__hover_enabled=&#8221;off&#8221; button_one_letter_spacing__hover_enabled=&#8221;off&#8221; button_two_letter_spacing__hover_enabled=&#8221;off&#8221; button_bg_color__hover_enabled=&#8221;off&#8221; button_one_bg_color__hover_enabled=&#8221;off&#8221; button_two_bg_color__hover_enabled=&#8221;off&#8221;][\/et_pb_contact_field][et_pb_contact_field field_id=&#8221;Your_Phone&#8221; field_title=&#8221;Phone Number&#8221; allowed_symbols=&#8221;numbers&#8221; _builder_version=&#8221;4.4.1&#8243; button_text_size__hover_enabled=&#8221;off&#8221; button_one_text_size__hover_enabled=&#8221;off&#8221; button_two_text_size__hover_enabled=&#8221;off&#8221; button_text_color__hover_enabled=&#8221;off&#8221; button_one_text_color__hover_enabled=&#8221;off&#8221; button_two_text_color__hover_enabled=&#8221;off&#8221; button_border_width__hover_enabled=&#8221;off&#8221; button_one_border_width__hover_enabled=&#8221;off&#8221; button_two_border_width__hover_enabled=&#8221;off&#8221; button_border_color__hover_enabled=&#8221;off&#8221; button_one_border_color__hover_enabled=&#8221;off&#8221; button_two_border_color__hover_enabled=&#8221;off&#8221; button_border_radius__hover_enabled=&#8221;off&#8221; button_one_border_radius__hover_enabled=&#8221;off&#8221; button_two_border_radius__hover_enabled=&#8221;off&#8221; button_letter_spacing__hover_enabled=&#8221;off&#8221; button_one_letter_spacing__hover_enabled=&#8221;off&#8221; button_two_letter_spacing__hover_enabled=&#8221;off&#8221; button_bg_color__hover_enabled=&#8221;off&#8221; button_one_bg_color__hover_enabled=&#8221;off&#8221; button_two_bg_color__hover_enabled=&#8221;off&#8221;][\/et_pb_contact_field][et_pb_contact_field field_id=&#8221;email&#8221; field_title=&#8221;Email&#8221; field_type=&#8221;email&#8221; fullwidth_field=&#8221;on&#8221; _builder_version=&#8221;4.4.1&#8243;][\/et_pb_contact_field][et_pb_contact_field field_id=&#8221;Message&#8221; field_title=&#8221;Message&#8221; field_type=&#8221;text&#8221; fullwidth_field=&#8221;on&#8221; _builder_version=&#8221;3.16&#8243; button_text_size__hover_enabled=&#8221;off&#8221; button_one_text_size__hover_enabled=&#8221;off&#8221; button_two_text_size__hover_enabled=&#8221;off&#8221; button_text_color__hover_enabled=&#8221;off&#8221; button_one_text_color__hover_enabled=&#8221;off&#8221; button_two_text_color__hover_enabled=&#8221;off&#8221; button_border_width__hover_enabled=&#8221;off&#8221; button_one_border_width__hover_enabled=&#8221;off&#8221; button_two_border_width__hover_enabled=&#8221;off&#8221; button_border_color__hover_enabled=&#8221;off&#8221; button_one_border_color__hover_enabled=&#8221;off&#8221; button_two_border_color__hover_enabled=&#8221;off&#8221; button_border_radius__hover_enabled=&#8221;off&#8221; button_one_border_radius__hover_enabled=&#8221;off&#8221; button_two_border_radius__hover_enabled=&#8221;off&#8221; button_letter_spacing__hover_enabled=&#8221;off&#8221; button_one_letter_spacing__hover_enabled=&#8221;off&#8221; button_two_letter_spacing__hover_enabled=&#8221;off&#8221; button_bg_color__hover_enabled=&#8221;off&#8221; button_one_bg_color__hover_enabled=&#8221;off&#8221; button_two_bg_color__hover_enabled=&#8221;off&#8221;][\/et_pb_contact_field][\/et_pb_contact_form][\/et_pb_column][\/et_pb_row][\/et_pb_section]<\/p>\n","protected":false},"excerpt":{"rendered":"<p>[et_pb_section fb_built=&#8221;1&#8243; module_class=&#8221;map-section-wrapper&#8221; _builder_version=&#8221;4.4.1&#8243; collapsed=&#8221;off&#8221;][et_pb_row module_class=&#8221;map-info-row&#8221; _builder_version=&#8221;4.4.1&#8243; collapsed=&#8221;off&#8221;][et_pb_column type=&#8221;4_4&#8243; _builder_version=&#8221;4.4.1&#8243;][et_pb_post_title meta=&#8221;off&#8221; featured_image=&#8221;off&#8221; _builder_version=&#8221;4.4.1&#8243; title_font=&#8221;|700|||||||&#8221; title_text_align=&#8221;left&#8221; custom_margin=&#8221;|||30px|false|false&#8221;][\/et_pb_post_title][et_pb_tabs disabled_on=&#8221;on|on|on&#8221; module_class=&#8221;location-content-wrapper&#8221; _builder_version=&#8221;4.4.1&#8243; custom_margin=&#8221;40px||||false|false&#8221; border_width_all=&#8221;0px&#8221; disabled=&#8221;on&#8221;][et_pb_tab title=&#8221;Faa\u2019a Airport&#8221; _builder_version=&#8221;4.4.1&#8243;][\/et_pb_tab][et_pb_tab title=&#8221;Papeete(downtown)&#8221; _builder_version=&#8221;4.4.1&#8243;] Papeete Downtown &#8211; TAHITI Mobile : (+689) 89 24 46 00 &#8211; Office : (+689) 40 54 10 00 Open from Monday to Friday : 7.30 am to [&hellip;]<\/p>\n","protected":false},"author":1,"featured_media":0,"parent":0,"menu_order":0,"comment_status":"closed","ping_status":"closed","template":"","meta":{"_acf_changed":false,"_et_pb_use_builder":"on","_et_pb_old_content":"","_et_gb_content_width":"","footnotes":""},"class_list":["post-658","page","type-page","status-publish","hentry"],"acf":[],"_links":{"self":[{"href":"https:\/\/www.avis-tahiti.com\/en\/wp-json\/wp\/v2\/pages\/658","targetHints":{"allow":["GET"]}}],"collection":[{"href":"https:\/\/www.avis-tahiti.com\/en\/wp-json\/wp\/v2\/pages"}],"about":[{"href":"https:\/\/www.avis-tahiti.com\/en\/wp-json\/wp\/v2\/types\/page"}],"author":[{"embeddable":true,"href":"https:\/\/www.avis-tahiti.com\/en\/wp-json\/wp\/v2\/users\/1"}],"replies":[{"embeddable":true,"href":"https:\/\/www.avis-tahiti.com\/en\/wp-json\/wp\/v2\/comments?post=658"}],"version-history":[{"count":123,"href":"https:\/\/www.avis-tahiti.com\/en\/wp-json\/wp\/v2\/pages\/658\/revisions"}],"predecessor-version":[{"id":6730,"href":"https:\/\/www.avis-tahiti.com\/en\/wp-json\/wp\/v2\/pages\/658\/revisions\/6730"}],"wp:attachment":[{"href":"https:\/\/www.avis-tahiti.com\/en\/wp-json\/wp\/v2\/media?parent=658"}],"curies":[{"name":"wp","href":"https:\/\/api.w.org\/{rel}","templated":true}]}}